{"id":4176,"date":"2025-12-01T21:06:28","date_gmt":"2025-12-01T20:06:28","guid":{"rendered":"https:\/\/www.2700kelvin.se\/home\/?page_id=4176"},"modified":"2026-02-23T17:56:01","modified_gmt":"2026-02-23T16:56:01","slug":"belysningshjalp_via_email","status":"publish","type":"page","link":"https:\/\/www.2700kelvin.se\/home\/belysningshjalp_via_email\/","title":{"rendered":"Ljusdesign Online \u2013 personlig r\u00e5dgivning via mail"},"content":{"rendered":"\t\t<div data-elementor-type=\"wp-page\" data-elementor-id=\"4176\" class=\"elementor elementor-4176\">\n\t\t\t\t\t\t<section class=\"elementor-section elementor-top-section elementor-element elementor-element-8d1807a elementor-section-boxed elementor-section-height-default elementor-section-height-default\" data-id=\"8d1807a\" data-element_type=\"section\">\n\t\t\t\t\t\t<div class=\"elementor-container elementor-column-gap-default\">\n\t\t\t\t\t<div class=\"elementor-column elementor-col-100 elementor-top-column elementor-element elementor-element-446f528\" data-id=\"446f528\" data-element_type=\"column\">\n\t\t\t<div class=\"elementor-widget-wrap elementor-element-populated\">\n\t\t\t\t\t\t<div class=\"elementor-element elementor-element-e4f528d elementor-widget elementor-widget-text-editor\" data-id=\"e4f528d\" data-element_type=\"widget\" data-widget_type=\"text-editor.default\">\n\t\t\t\t<div class=\"elementor-widget-container\">\n\t\t\t\t\t\t\t\t\t<h1>Ljusdesign Online \u2013 personlig r\u00e5dgivning via mail<\/h1><h3><b>(Specifika fr\u00e5ga via mail, 950 kr)<\/b><\/h3><p><span style=\"font-weight: 400;\">Har du det mesta p\u00e5 plats hemma\u00a0 men har lite detaljer du inte f\u00e5r till med din belysning? Personlig r\u00e5dgivning h\u00e4r f\u00e5r du hj\u00e4lp att komma vidare med din inredning och kommer till skott med problemet. <\/span><\/p><p>F\u00e5 snabb och personlig r\u00e5dgivning i ljusdesign via mail, helt digitalt och platsoberoende. Jag hj\u00e4lper dig att skapa r\u00e4tt ljus p\u00e5 r\u00e4tt plats i ditt hem, med konkreta tips och f\u00f6rslag som \u00e4r l\u00e4tta att implementera. Denna tj\u00e4nst passar dig som vill ha professionella r\u00e5d med detaljer utan behov av fysiskt m\u00f6te.<\/p><p><span style=\"font-weight: 400;\">D\u00e5 \u00e4r denna enkla tj\u00e4nst det du kan beh\u00f6va f\u00f6r att spara b\u00e5de tid och slippa g\u00f6ra fel ink\u00f6p. \u201cR\u00e4tt ljus i r\u00e4tt m\u00e4ngd p\u00e5 r\u00e4tt plats\u201d. En mini belysningskonsultation online perfekt f\u00f6r dig! Ljusa ideer fr\u00e5n oberoende belysningskonsulter.\u00a0<\/span><\/p><ul><li style=\"font-weight: 400;\" aria-level=\"1\"><span style=\"font-weight: 400;\">Har du besluts\u00e5ngest och beh\u00f6ver snabb hj\u00e4lp att komma vidare med en konkret ide<\/span><\/li><li style=\"font-weight: 400;\" aria-level=\"1\"><span style=\"font-weight: 400;\">Vet du inte vart du skall b\u00f6rja eller ta n\u00e4sta steg<\/span><\/li><li style=\"font-weight: 400;\" aria-level=\"1\"><span style=\"font-weight: 400;\">Vill du ha hj\u00e4lp med specifik lampa f\u00f6r att slippa felk\u00f6p<\/span><\/li><\/ul><p><span style=\"font-weight: 400;\">St\u00e4ll din specifika fr\u00e5ga och du f\u00e5r svar inom 48 timmar. Denna tj\u00e4nst g\u00e4ller en begr\u00e4nsad fr\u00e5gest\u00e4llning om en lampa modell, ljusspridning och\u00a0 inte inredning av ett rum, d\u00e5 skall du titta p\u00e5<strong> <a href=\"https:\/\/www.2700kelvin.se\/home\/butik\/\">\u00f6vriga tj\u00e4nster<\/a>.<\/strong>\u00a0 <\/span><\/p><p><span style=\"font-weight: 400;\">K\u00e4nns tj\u00e4nsten f\u00f6r dyr f\u00f6r dig, kolla in <strong><a href=\"https:\/\/www.2700kelvin.se\/home\/blogg-inred-med-ljus-ljusblogg-med-ljustips\/\">bloggen<\/a><\/strong> d\u00e4r du ocks\u00e5 kan hitta id\u00e9er.\u00a0<\/span><\/p><p><span style=\"font-weight: 400;\">Se instruktionen l\u00e4ngre ned p\u00e5 sidan hur du g\u00e5r tillv\u00e4ga.<\/span><\/p>\t\t\t\t\t\t\t\t<\/div>\n\t\t\t\t<\/div>\n\t\t\t\t<section class=\"elementor-section elementor-inner-section elementor-element elementor-element-97082d7 elementor-section-boxed elementor-section-height-default elementor-section-height-default\" data-id=\"97082d7\" data-element_type=\"section\">\n\t\t\t\t\t\t<div class=\"elementor-container elementor-column-gap-default\">\n\t\t\t\t\t<div class=\"elementor-column elementor-col-50 elementor-inner-column elementor-element elementor-element-f4d2490\" data-id=\"f4d2490\" data-element_type=\"column\">\n\t\t\t<div class=\"elementor-widget-wrap elementor-element-populated\">\n\t\t\t\t\t\t<div class=\"elementor-element elementor-element-37f8b8d elementor-widget elementor-widget-image\" data-id=\"37f8b8d\" data-element_type=\"widget\" data-widget_type=\"image.default\">\n\t\t\t\t<div class=\"elementor-widget-container\">\n\t\t\t\t\t\t\t\t\t\t\t\t\t\t\t<img fetchpriority=\"high\" decoding=\"async\" width=\"640\" height=\"640\" src=\"https:\/\/www.2700kelvin.se\/wp-content\/uploads\/2025\/11\/IMG_5154.jpeg\" class=\"attachment-large size-large wp-image-4064\" alt=\"Variation av belysningen \u00e4r A-O n\u00e4r vi planera ljuss\u00e4ttningen\" srcset=\"https:\/\/www.2700kelvin.se\/wp-content\/uploads\/2025\/11\/IMG_5154.jpeg 640w, https:\/\/www.2700kelvin.se\/wp-content\/uploads\/2025\/11\/IMG_5154-300x300.jpeg 300w, https:\/\/www.2700kelvin.se\/wp-content\/uploads\/2025\/11\/IMG_5154-150x150.jpeg 150w\" sizes=\"(max-width: 640px) 100vw, 640px\" \/>\t\t\t\t\t\t\t\t\t\t\t\t\t\t\t<\/div>\n\t\t\t\t<\/div>\n\t\t\t\t\t<\/div>\n\t\t<\/div>\n\t\t\t\t<div class=\"elementor-column elementor-col-50 elementor-inner-column elementor-element elementor-element-124bed7\" data-id=\"124bed7\" data-element_type=\"column\">\n\t\t\t<div class=\"elementor-widget-wrap elementor-element-populated\">\n\t\t\t\t\t\t<div class=\"elementor-element elementor-element-9bd6505 elementor-widget elementor-widget-text-editor\" data-id=\"9bd6505\" data-element_type=\"widget\" data-widget_type=\"text-editor.default\">\n\t\t\t\t<div class=\"elementor-widget-container\">\n\t\t\t\t\t\t\t\t\t<p><strong>G\u00f6r s\u00e5 h\u00e4r<br \/><\/strong><span style=\"font-weight: 400;\">1.\u00a0 K\u00f6p tj\u00e4nsten- <\/span><i><span style=\"font-weight: 400;\">Tyv\u00e4rr \u00e4r betaltj\u00e4nsten h\u00e4r p\u00e5 hemsidan inte p\u00e5 plats \u2013 s\u00e5 just nu fakturerar jag dig. Maila mig p\u00e5 <\/span><\/i><a href=\"mailto:info@2700kelvin.se\"><i><span style=\"font-weight: 400;\" data-rich-links=\"{&quot;per_n&quot;:&quot;info@2700kelvin.se&quot;,&quot;per_e&quot;:&quot;info@2700kelvin.se&quot;,&quot;type&quot;:&quot;person&quot;}\">info@2700kelvin.se<\/span><\/i><\/a><i><span style=\"font-weight: 400;\"> s\u00e5 fixar jag det direkt.<\/span><\/i> <span style=\"font-weight: 400;\"><br \/><\/span><span style=\"font-weight: 400;\">2.\u00a0 Formulera din fr\u00e5ga (t\u00e4nk till kring din fr\u00e5ga d\u00e5 tj\u00e4nsten avser svar p\u00e5 EN fr\u00e5gest\u00e4llning)<\/span><span style=\"font-weight: 400;\"><br \/><\/span><span style=\"font-weight: 400;\">3.\u00a0 Bifoga bilder\/ritning p\u00e5 rummet, g\u00e4rna \u00e4ven bilder sett fr\u00e5n platsen du skall ljuss\u00e4tta<\/span><span style=\"font-weight: 400;\"><br \/><\/span><span style=\"font-weight: 400;\">4.\u00a0 Maila fr\u00e5gest\u00e4llning, bilder, ritning och rummets f\u00f6ruts\u00e4ttningar till <\/span><a href=\"mailto:info@2700kelvin.se\"><span style=\"font-weight: 400;\">info@2700kelvin.se<\/span><\/a><span style=\"font-weight: 400;\"> med rubriken Lysande hj\u00e4lpen ONLINE i \u00e4mnesraden.<\/span><\/p>\t\t\t\t\t\t\t\t<\/div>\n\t\t\t\t<\/div>\n\t\t\t\t\t<\/div>\n\t\t<\/div>\n\t\t\t\t\t<\/div>\n\t\t<\/section>\n\t\t\t\t\t<\/div>\n\t\t<\/div>\n\t\t\t\t\t<\/div>\n\t\t<\/section>\n\t\t\t\t<section class=\"elementor-section elementor-top-section elementor-element elementor-element-f2b1654 elementor-section-boxed elementor-section-height-default elementor-section-height-default\" data-id=\"f2b1654\" data-element_type=\"section\">\n\t\t\t\t\t\t<div class=\"elementor-container elementor-column-gap-default\">\n\t\t\t\t\t<div class=\"elementor-column elementor-col-100 elementor-top-column elementor-element elementor-element-0075932\" data-id=\"0075932\" data-element_type=\"column\">\n\t\t\t<div class=\"elementor-widget-wrap elementor-element-populated\">\n\t\t\t\t\t\t<div class=\"elementor-element elementor-element-a22d79e elementor-widget elementor-widget-text-editor\" data-id=\"a22d79e\" data-element_type=\"widget\" data-widget_type=\"text-editor.default\">\n\t\t\t\t<div class=\"elementor-widget-container\">\n\t\t\t\t\t\t\t\t\t<p><span style=\"font-weight: 400;\">Inom 48 timmar har du ett svar p\u00e5 din fr\u00e5ga i din mailbox. Har jag n\u00e5gra f\u00f6ljdfr\u00e5gor \u00e5terkopplar jag till dig innan du f\u00e5r ditt svar. Skulle det vara s\u00e5 att fr\u00e5gan \u00e4r f\u00f6r omfattande eller jag inte har m\u00f6jlighet att svara s\u00e5 f\u00e5r du givetvis pengarna \u00e5terbetalda.<\/span><\/p><p><strong>Resultat<\/strong><span style=\"font-weight: 400;\"><br \/><\/span><span style=\"font-weight: 400;\">Du f\u00e5r l\u00e4ttare att v\u00e4lja, hj\u00e4lp att hantera besluts\u00e5ngesten och f\u00e5r input utifr\u00e5n hur du g\u00e5r vidare f\u00f6r att resultatet ska bli som du t\u00e4nkt dig av oss som \u00e4r oberoende konsulter, vi tj\u00e4ner inte pengar p\u00e5 merf\u00f6rs\u00e4ljning<\/span><\/p><p><strong>Fr\u00e5gor?<\/strong><span style=\"font-weight: 400;\"><br \/><\/span><span style=\"font-weight: 400;\">Har du fr\u00e5gor om tj\u00e4nsten eller undrar om det \u00e4r n\u00e5gon av de andra tj\u00e4nsterna som \u00e4r b\u00e4ttre l\u00e4mpade f\u00f6r dina behov \u00e4r det bara att du mailar mig p\u00e5 info@2700kelvin.se<\/span><\/p><p><strong>Bakgrund till tj\u00e4nsten<\/strong><span style=\"font-weight: 400;\"><br \/><\/span><span style=\"font-weight: 400;\">Jag f\u00e5r st\u00e4ndigt fr\u00e5gor skickade till mig via DM p\u00e5 Instagram och p\u00e5 mailen med olika lampink\u00f6p fr\u00e5gor, funktionsbelysning mm\u00a0 F\u00f6r att du ska f\u00e5 ett svar p\u00e5 just dina funderingare utifr\u00e5n dina unika behov och \u00f6nskade resultat finns tj\u00e4nsten \u201dLjus akuten ONLINE svarar p\u00e5 din fr\u00e5ga\u201d.<\/span><\/p>\t\t\t\t\t\t\t\t<\/div>\n\t\t\t\t<\/div>\n\t\t\t\t\t<\/div>\n\t\t<\/div>\n\t\t\t\t\t<\/div>\n\t\t<\/section>\n\t\t\t\t<\/div>\n\t\t","protected":false},"excerpt":{"rendered":"<p>Ljusdesign Online \u2013 personlig r\u00e5dgivning via mail (Specifika fr\u00e5ga via mail, 950 kr) Har du det mesta p\u00e5 plats hemma\u00a0 men har lite detaljer du inte f\u00e5r till med din belysning? Personlig r\u00e5dgivning h\u00e4r f\u00e5r du hj\u00e4lp att komma vidare med din inredning och kommer till skott med problemet. F\u00e5 snabb och personlig r\u00e5dgivning i ljusdesign via mail, helt digitalt och platsoberoende. Jag hj\u00e4lper dig att skapa r\u00e4tt ljus p\u00e5 r\u00e4tt plats i ditt hem, med konkreta tips och f\u00f6rslag som \u00e4r l\u00e4tta att implementera. Denna tj\u00e4nst passar dig som vill ha professionella r\u00e5d med detaljer utan behov av fysiskt m\u00f6te. D\u00e5 \u00e4r denna enkla tj\u00e4nst det du kan beh\u00f6va f\u00f6r att spara b\u00e5de tid och slippa g\u00f6ra fel ink\u00f6p. \u201cR\u00e4tt ljus i r\u00e4tt m\u00e4ngd p\u00e5 r\u00e4tt plats\u201d. En mini belysningskonsultation online perfekt f\u00f6r dig! Ljusa ideer fr\u00e5n oberoende belysningskonsulter.\u00a0 Har du besluts\u00e5ngest och beh\u00f6ver snabb hj\u00e4lp att komma vidare med en konkret ide Vet du inte vart du skall b\u00f6rja eller ta n\u00e4sta steg Vill du ha hj\u00e4lp med specifik lampa f\u00f6r att slippa felk\u00f6p St\u00e4ll din specifika fr\u00e5ga och du f\u00e5r svar inom 48 timmar. Denna tj\u00e4nst g\u00e4ller en begr\u00e4nsad fr\u00e5gest\u00e4llning om en lampa modell, ljusspridning och\u00a0 inte [&hellip;]<\/p>\n","protected":false},"author":1,"featured_media":0,"parent":0,"menu_order":0,"comment_status":"closed","ping_status":"closed","template":"","meta":{"_acf_changed":false,"_mo_disable_npp":"","om_disable_all_campaigns":false,"_monsterinsights_skip_tracking":false,"_monsterinsights_sitenote_active":false,"_monsterinsights_sitenote_note":"","_monsterinsights_sitenote_category":0,"_uf_show_specific_survey":0,"_uf_disable_surveys":false,"_themeisle_gutenberg_block_has_review":false,"footnotes":""},"class_list":["post-4176","page","type-page","status-publish","hentry"],"acf":[],"aioseo_notices":[],"_links":{"self":[{"href":"https:\/\/www.2700kelvin.se\/home\/wp-json\/wp\/v2\/pages\/4176","targetHints":{"allow":["GET"]}}],"collection":[{"href":"https:\/\/www.2700kelvin.se\/home\/wp-json\/wp\/v2\/pages"}],"about":[{"href":"https:\/\/www.2700kelvin.se\/home\/wp-json\/wp\/v2\/types\/page"}],"author":[{"embeddable":true,"href":"https:\/\/www.2700kelvin.se\/home\/wp-json\/wp\/v2\/users\/1"}],"replies":[{"embeddable":true,"href":"https:\/\/www.2700kelvin.se\/home\/wp-json\/wp\/v2\/comments?post=4176"}],"version-history":[{"count":43,"href":"https:\/\/www.2700kelvin.se\/home\/wp-json\/wp\/v2\/pages\/4176\/revisions"}],"predecessor-version":[{"id":4449,"href":"https:\/\/www.2700kelvin.se\/home\/wp-json\/wp\/v2\/pages\/4176\/revisions\/4449"}],"wp:attachment":[{"href":"https:\/\/www.2700kelvin.se\/home\/wp-json\/wp\/v2\/media?parent=4176"}],"curies":[{"name":"wp","href":"https:\/\/api.w.org\/{rel}","templated":true}]}}