{"id":4156,"date":"2025-12-01T19:53:10","date_gmt":"2025-12-01T18:53:10","guid":{"rendered":"https:\/\/www.2700kelvin.se\/home\/?page_id=4156"},"modified":"2026-03-10T13:42:06","modified_gmt":"2026-03-10T12:42:06","slug":"onlineradgivning","status":"publish","type":"page","link":"https:\/\/www.2700kelvin.se\/home\/onlineradgivning\/","title":{"rendered":"Ljusdesign Online- personlig konsultation"},"content":{"rendered":"\t\t<div data-elementor-type=\"wp-page\" data-elementor-id=\"4156\" class=\"elementor elementor-4156\">\n\t\t\t\t\t\t<section class=\"elementor-section elementor-top-section elementor-element elementor-element-d7c7221 elementor-section-boxed elementor-section-height-default elementor-section-height-default\" data-id=\"d7c7221\" data-element_type=\"section\">\n\t\t\t\t\t\t<div class=\"elementor-container elementor-column-gap-default\">\n\t\t\t\t\t<div class=\"elementor-column elementor-col-100 elementor-top-column elementor-element elementor-element-8608a44\" data-id=\"8608a44\" data-element_type=\"column\">\n\t\t\t<div class=\"elementor-widget-wrap elementor-element-populated\">\n\t\t\t\t\t\t<div class=\"elementor-element elementor-element-a3a7023 elementor-widget elementor-widget-text-editor\" data-id=\"a3a7023\" data-element_type=\"widget\" data-widget_type=\"text-editor.default\">\n\t\t\t\t<div class=\"elementor-widget-container\">\n\t\t\t\t\t\t\t\t\t<h1>Ljusdesign Online \u2013 personlig konsultation<\/h1><p>F\u00e5 en personlig ljusdesign konsultation, helt digital och platsoberoende. Tillsammans g\u00e5r vi igenom dina rum, behov och id\u00e9er, Vi skapar l\u00f6sningar som b\u00e5de \u00e4r fungerar och f\u00f6rh\u00f6jer st\u00e4mning, estetik och trivsel i ditt hem. Denna konsultation passar dig som vill f\u00f6rst\u00e5 ljusets kraft och sj\u00e4lv kunna skapa ett b\u00e4ttre belyst hem.<\/p><h3 data-start=\"1402\" data-end=\"1425\"><strong data-start=\"1406\" data-end=\"1425\">S\u00e5 fungerar det<\/strong><\/h3><ul data-start=\"1426\" data-end=\"1594\"><li data-start=\"1426\" data-end=\"1464\"><p data-start=\"1428\" data-end=\"1464\">Digitalt m\u00f6te via Zoom eller Teams<\/p><\/li><li data-start=\"1465\" data-end=\"1500\"><p data-start=\"1467\" data-end=\"1500\">Genomg\u00e5ng av dina rum och behov<\/p><\/li><li data-start=\"1501\" data-end=\"1594\"><p data-start=\"1503\" data-end=\"1594\">Jag ger konkreta rekommendationer baserat p\u00e5 <strong data-start=\"1548\" data-end=\"1592\">skandinavisk design, balans och funktion<\/strong><\/p><\/li><\/ul><h3 data-start=\"1596\" data-end=\"1614\"><strong data-start=\"1600\" data-end=\"1614\">Vad du f\u00e5r<\/strong><\/h3><ul data-start=\"1615\" data-end=\"1833\"><li data-start=\"1615\" data-end=\"1692\"><p data-start=\"1617\" data-end=\"1692\">Personlig r\u00e5dgivning med fokus p\u00e5 <strong data-start=\"1651\" data-end=\"1690\">ljusets p\u00e5verkan p\u00e5 rum och trivsel<\/strong><\/p><\/li><li data-start=\"1693\" data-end=\"1753\"><p data-start=\"1695\" data-end=\"1753\">Anpassade f\u00f6rslag p\u00e5 ljusk\u00e4llor, armaturer och placering<\/p><\/li><li data-start=\"1754\" data-end=\"1790\"><p data-start=\"1756\" data-end=\"1790\">Tips f\u00f6r <strong data-start=\"1765\" data-end=\"1788\">vardag och atmosf\u00e4r<\/strong><\/p><\/li><\/ul><h3 data-start=\"1835\" data-end=\"1857\"><strong data-start=\"1839\" data-end=\"1857\">Varf\u00f6r online?<\/strong><\/h3><ul data-start=\"1858\" data-end=\"2023\"><li data-start=\"1858\" data-end=\"1922\"><p data-start=\"1860\" data-end=\"1922\">Helt <strong data-start=\"1865\" data-end=\"1883\">platsoberoende<\/strong> \u2013 funkar oavsett var du befinner dig<\/p><\/li><li data-start=\"1923\" data-end=\"1964\"><p data-start=\"1925\" data-end=\"1964\">Du f\u00e5r min fulla expertis utan restid<\/p><\/li><li data-start=\"1965\" data-end=\"2023\"><p data-start=\"1967\" data-end=\"2023\">Flexibelt men med samma detaljfokus som vid platsbes\u00f6k<\/p><\/li><\/ul><h3 data-start=\"2025\" data-end=\"2041\"><strong data-start=\"2029\" data-end=\"2041\">F\u00f6r vem?<\/strong><\/h3><ul data-start=\"2042\" data-end=\"2218\"><li data-start=\"2042\" data-end=\"2090\"><p data-start=\"2044\" data-end=\"2090\">Privatpersoner som vill f\u00f6rst\u00e5 ljusets kraft<\/p><\/li><li data-start=\"2091\" data-end=\"2161\"><p data-start=\"2093\" data-end=\"2161\">De som vill ta kontroll \u00f6ver ljuset men \u00e4nd\u00e5 f\u00e5 professionella r\u00e5d<\/p><\/li><li data-start=\"2162\" data-end=\"2218\"><p data-start=\"2164\" data-end=\"2218\">Nyb\u00f6rjare och mer erfarna som vill finslipa detaljer<\/p><\/li><\/ul><h3 data-start=\"2220\" data-end=\"2238\"><strong data-start=\"2224\" data-end=\"2238\">Resultatet<\/strong><\/h3><ul data-start=\"2239\" data-end=\"2398\"><li data-start=\"2239\" data-end=\"2281\"><p data-start=\"2241\" data-end=\"2281\">Rummen f\u00e5r <strong data-start=\"2252\" data-end=\"2279\">r\u00e4tt ljus p\u00e5 r\u00e4tt plats<\/strong><\/p><\/li><li data-start=\"2282\" data-end=\"2336\"><p data-start=\"2284\" data-end=\"2336\">Du kan sj\u00e4lv implementera l\u00f6sningarna med trygghet<\/p><\/li><li data-start=\"2337\" data-end=\"2398\"><p data-start=\"2339\" data-end=\"2398\">Hemmet blir mer harmoniskt, inspirerande och h\u00e4rligt\u00a0<strong data-start=\"2437\" data-end=\"2530\">Boka din personliga ljusdesign Online \u2013 konsultation idag och ge ditt hem genomt\u00e4nkt och sk\u00f6n belysning!<\/strong><\/p><\/li><\/ul>\t\t\t\t\t\t\t\t<\/div>\n\t\t\t\t<\/div>\n\t\t\t\t\t<\/div>\n\t\t<\/div>\n\t\t\t\t\t<\/div>\n\t\t<\/section>\n\t\t\t\t<section class=\"elementor-section elementor-top-section elementor-element elementor-element-f3b2c16 elementor-section-boxed elementor-section-height-default elementor-section-height-default\" data-id=\"f3b2c16\" data-element_type=\"section\">\n\t\t\t\t\t\t<div class=\"elementor-container elementor-column-gap-default\">\n\t\t\t\t\t<div class=\"elementor-column elementor-col-100 elementor-top-column elementor-element elementor-element-214cc40\" data-id=\"214cc40\" data-element_type=\"column\">\n\t\t\t<div class=\"elementor-widget-wrap elementor-element-populated\">\n\t\t\t\t\t\t<section class=\"elementor-section elementor-inner-section elementor-element elementor-element-ad8cb57 elementor-section-boxed elementor-section-height-default elementor-section-height-default\" data-id=\"ad8cb57\" data-element_type=\"section\">\n\t\t\t\t\t\t<div class=\"elementor-container elementor-column-gap-default\">\n\t\t\t\t\t<div class=\"elementor-column elementor-col-50 elementor-inner-column elementor-element elementor-element-83e9363\" data-id=\"83e9363\" data-element_type=\"column\">\n\t\t\t<div class=\"elementor-widget-wrap elementor-element-populated\">\n\t\t\t\t\t\t<div class=\"elementor-element elementor-element-e73fc89 elementor-widget__width-initial elementor-widget elementor-widget-image\" data-id=\"e73fc89\" data-element_type=\"widget\" data-widget_type=\"image.default\">\n\t\t\t\t<div class=\"elementor-widget-container\">\n\t\t\t\t\t\t\t\t\t\t\t\t\t\t\t<img fetchpriority=\"high\" decoding=\"async\" width=\"419\" height=\"419\" src=\"https:\/\/www.2700kelvin.se\/wp-content\/uploads\/2025\/11\/37FDF706-1957-4EB3-B726-BDBEBBC44526.jpeg\" class=\"attachment-large size-large wp-image-4078\" alt=\"Fokus p\u00e5 ditt hem - onlinekonsultation\" srcset=\"https:\/\/www.2700kelvin.se\/wp-content\/uploads\/2025\/11\/37FDF706-1957-4EB3-B726-BDBEBBC44526.jpeg 419w, https:\/\/www.2700kelvin.se\/wp-content\/uploads\/2025\/11\/37FDF706-1957-4EB3-B726-BDBEBBC44526-300x300.jpeg 300w, https:\/\/www.2700kelvin.se\/wp-content\/uploads\/2025\/11\/37FDF706-1957-4EB3-B726-BDBEBBC44526-150x150.jpeg 150w\" sizes=\"(max-width: 419px) 100vw, 419px\" \/>\t\t\t\t\t\t\t\t\t\t\t\t\t\t\t<\/div>\n\t\t\t\t<\/div>\n\t\t\t\t\t<\/div>\n\t\t<\/div>\n\t\t\t\t<div class=\"elementor-column elementor-col-50 elementor-inner-column elementor-element elementor-element-bb7a431\" data-id=\"bb7a431\" data-element_type=\"column\">\n\t\t\t<div class=\"elementor-widget-wrap elementor-element-populated\">\n\t\t\t\t\t\t<div class=\"elementor-element elementor-element-46ed8fd elementor-widget__width-initial elementor-widget elementor-widget-text-editor\" data-id=\"46ed8fd\" data-element_type=\"widget\" data-widget_type=\"text-editor.default\">\n\t\t\t\t<div class=\"elementor-widget-container\">\n\t\t\t\t\t\t\t\t\t<h3><b>Du b\u00f6rjar med<\/b><\/h3><ol><li style=\"font-weight: 400;\" aria-level=\"1\"><span style=\"font-weight: 400;\">Maila mig och ber\u00e4tta kort om ditt projekt.<\/span><\/li><li style=\"font-weight: 400;\" aria-level=\"1\"><span style=\"font-weight: 400;\">Vi bokar en tid och du betalar konsultationen.<\/span><\/li><li style=\"font-weight: 400;\" aria-level=\"1\"><span style=\"font-weight: 400;\">Du skickar bilder och eventuella ritningar i f\u00f6rv\u00e4g \u2013 s\u00e5 \u00e4r jag v\u00e4l insatt i ditt behov tills v\u00e5rt m\u00f6te startar.<\/span><\/li><\/ol>\t\t\t\t\t\t\t\t<\/div>\n\t\t\t\t<\/div>\n\t\t\t\t\t<\/div>\n\t\t<\/div>\n\t\t\t\t\t<\/div>\n\t\t<\/section>\n\t\t\t\t<div class=\"elementor-element elementor-element-00ef922 elementor-widget elementor-widget-text-editor\" data-id=\"00ef922\" data-element_type=\"widget\" data-widget_type=\"text-editor.default\">\n\t\t\t\t<div class=\"elementor-widget-container\">\n\t\t\t\t\t\t\t\t\t<p><span style=\"font-weight: 400;\">P\u00e5 s\u00e5 s\u00e4tt blir v\u00e5rt samtal effektivt, inspirerande och skr\u00e4ddarsytt just f\u00f6r dig.<\/span><\/p><p><span style=\"font-weight: 400;\">\ud83d\udca1 Har du fr\u00e5gor?<\/span><\/p><p><span style=\"font-weight: 400;\">Varmt v\u00e4lkommen att h\u00f6ra av dig via mail \u2013 jag ber\u00e4ttar g\u00e4rna mer!<\/span><\/p><p>Vi erbjuder \u00e4ven tj\u00e4nsten <strong><a href=\"https:\/\/www.2700kelvin.se\/home\/privat-belysningsplanering\/\">Ljusdesign i Stockholm<\/a><\/strong> och\u00a0 <strong><a href=\"https:\/\/www.2700kelvin.se\/home\/belysningshjalp_via_email\/\">Ljusdesign Online- personlig r\u00e5dgivning via mail.<\/a><\/strong><\/p>\t\t\t\t\t\t\t\t<\/div>\n\t\t\t\t<\/div>\n\t\t\t\t\t<\/div>\n\t\t<\/div>\n\t\t\t\t\t<\/div>\n\t\t<\/section>\n\t\t\t\t<\/div>\n\t\t","protected":false},"excerpt":{"rendered":"<p>Ljusdesign Online \u2013 personlig konsultation F\u00e5 en personlig ljusdesign konsultation, helt digital och platsoberoende. Tillsammans g\u00e5r vi igenom dina rum, behov och id\u00e9er, Vi skapar l\u00f6sningar som b\u00e5de \u00e4r fungerar och f\u00f6rh\u00f6jer st\u00e4mning, estetik och trivsel i ditt hem. Denna konsultation passar dig som vill f\u00f6rst\u00e5 ljusets kraft och sj\u00e4lv kunna skapa ett b\u00e4ttre belyst hem. S\u00e5 fungerar det Digitalt m\u00f6te via Zoom eller Teams Genomg\u00e5ng av dina rum och behov Jag ger konkreta rekommendationer baserat p\u00e5 skandinavisk design, balans och funktion Vad du f\u00e5r Personlig r\u00e5dgivning med fokus p\u00e5 ljusets p\u00e5verkan p\u00e5 rum och trivsel Anpassade f\u00f6rslag p\u00e5 ljusk\u00e4llor, armaturer och placering Tips f\u00f6r vardag och atmosf\u00e4r Varf\u00f6r online? Helt platsoberoende \u2013 funkar oavsett var du befinner dig Du f\u00e5r min fulla expertis utan restid Flexibelt men med samma detaljfokus som vid platsbes\u00f6k F\u00f6r vem? Privatpersoner som vill f\u00f6rst\u00e5 ljusets kraft De som vill ta kontroll \u00f6ver ljuset men \u00e4nd\u00e5 f\u00e5 professionella r\u00e5d Nyb\u00f6rjare och mer erfarna som vill finslipa detaljer Resultatet Rummen f\u00e5r r\u00e4tt ljus p\u00e5 r\u00e4tt plats Du kan sj\u00e4lv implementera l\u00f6sningarna med trygghet Hemmet blir mer harmoniskt, inspirerande och h\u00e4rligt\u00a0Boka din personliga ljusdesign Online \u2013 konsultation idag och ge ditt hem genomt\u00e4nkt och sk\u00f6n belysning! Du [&hellip;]<\/p>\n","protected":false},"author":1,"featured_media":0,"parent":0,"menu_order":0,"comment_status":"closed","ping_status":"closed","template":"","meta":{"_acf_changed":false,"_mo_disable_npp":"","om_disable_all_campaigns":false,"_monsterinsights_skip_tracking":false,"_monsterinsights_sitenote_active":false,"_monsterinsights_sitenote_note":"","_monsterinsights_sitenote_category":0,"_uf_show_specific_survey":0,"_uf_disable_surveys":false,"_themeisle_gutenberg_block_has_review":false,"footnotes":""},"class_list":["post-4156","page","type-page","status-publish","hentry"],"acf":[],"aioseo_notices":[],"_links":{"self":[{"href":"https:\/\/www.2700kelvin.se\/home\/wp-json\/wp\/v2\/pages\/4156","targetHints":{"allow":["GET"]}}],"collection":[{"href":"https:\/\/www.2700kelvin.se\/home\/wp-json\/wp\/v2\/pages"}],"about":[{"href":"https:\/\/www.2700kelvin.se\/home\/wp-json\/wp\/v2\/types\/page"}],"author":[{"embeddable":true,"href":"https:\/\/www.2700kelvin.se\/home\/wp-json\/wp\/v2\/users\/1"}],"replies":[{"embeddable":true,"href":"https:\/\/www.2700kelvin.se\/home\/wp-json\/wp\/v2\/comments?post=4156"}],"version-history":[{"count":30,"href":"https:\/\/www.2700kelvin.se\/home\/wp-json\/wp\/v2\/pages\/4156\/revisions"}],"predecessor-version":[{"id":4454,"href":"https:\/\/www.2700kelvin.se\/home\/wp-json\/wp\/v2\/pages\/4156\/revisions\/4454"}],"wp:attachment":[{"href":"https:\/\/www.2700kelvin.se\/home\/wp-json\/wp\/v2\/media?parent=4156"}],"curies":[{"name":"wp","href":"https:\/\/api.w.org\/{rel}","templated":true}]}}