{"id":4100,"date":"2025-11-26T20:56:14","date_gmt":"2025-11-26T19:56:14","guid":{"rendered":"https:\/\/www.2700kelvin.se\/home\/?page_id=4100"},"modified":"2025-11-26T20:59:21","modified_gmt":"2025-11-26T19:59:21","slug":"presentkort","status":"publish","type":"page","link":"https:\/\/www.2700kelvin.se\/home\/presentkort\/","title":{"rendered":"Presentkort"},"content":{"rendered":"\t\t<div data-elementor-type=\"wp-page\" data-elementor-id=\"4100\" class=\"elementor elementor-4100\">\n\t\t\t\t\t\t<section class=\"elementor-section elementor-top-section elementor-element elementor-element-6f84e2e elementor-section-boxed elementor-section-height-default elementor-section-height-default\" data-id=\"6f84e2e\" data-element_type=\"section\">\n\t\t\t\t\t\t<div class=\"elementor-container elementor-column-gap-default\">\n\t\t\t\t\t<div class=\"elementor-column elementor-col-100 elementor-top-column elementor-element elementor-element-cf73118\" data-id=\"cf73118\" data-element_type=\"column\">\n\t\t\t<div class=\"elementor-widget-wrap elementor-element-populated\">\n\t\t\t\t\t\t<div class=\"elementor-element elementor-element-def5221 elementor-widget elementor-widget-text-editor\" data-id=\"def5221\" data-element_type=\"widget\" data-widget_type=\"text-editor.default\">\n\t\t\t\t<div class=\"elementor-widget-container\">\n\t\t\t\t\t\t\t\t\t<p dir=\"ltr\" style=\"line-height:1.38;background-color:#ffffff;margin-top:0pt;margin-bottom:0pt;padding:0pt 0pt 11pt 0pt;\"><span style=\"font-size:10pt;font-family:Arial,sans-serif;color:#000000;background-color:transparent;font-weight:400;font-style:normal;font-variant:normal;text-decoration:none;vertical-align:baseline;white-space:pre;white-space:pre-wrap;\">Vilken lysande present! Presentkort&nbsp;ber\u00e4ttigar till k\u00f6p av 2700 Kelvins tj\u00e4nster. Presentkortet kan anv\u00e4ndas p\u00e5 plats i Stockholm&nbsp;eller&nbsp;Online. L\u00e4s mera under respektive tj\u00e4nst.&nbsp;<\/span><\/p>\n<p dir=\"ltr\" style=\"line-height:1.38;background-color:#ffffff;margin-top:0pt;margin-bottom:0pt;padding:0pt 0pt 11pt 0pt;\"><span style=\"font-size:10pt;font-family:Arial,sans-serif;color:#000000;background-color:transparent;font-weight:400;font-style:normal;font-variant:normal;text-decoration:none;vertical-align:baseline;white-space:pre;white-space:pre-wrap;\">\u00c4r det en \u00f6verraskning till en v\u00e4n? Maila mig p\u00e5&nbsp; info@2700kelvinse s\u00e5 fixar jag ett&nbsp; kort som skickas direkt till mottagaren.<\/span><\/p>\n<p dir=\"ltr\" style=\"line-height:1.38;background-color:#ffffff;margin-top:0pt;margin-bottom:0pt;padding:0pt 0pt 11pt 0pt;\"><span style=\"font-size:10pt;font-family:Arial,sans-serif;color:#000000;background-color:transparent;font-weight:700;font-style:normal;font-variant:normal;text-decoration:none;vertical-align:baseline;white-space:pre;white-space:pre-wrap;\">Giltighetstid<\/span><span style=\"font-size:10pt;font-family:Arial,sans-serif;color:#000000;background-color:transparent;font-weight:700;font-style:normal;font-variant:normal;text-decoration:none;vertical-align:baseline;white-space:pre;white-space:pre-wrap;\"><br><\/span><span style=\"font-size:10pt;font-family:Arial,sans-serif;color:#000000;background-color:transparent;font-weight:400;font-style:italic;font-variant:normal;text-decoration:none;vertical-align:baseline;white-space:pre;white-space:pre-wrap;\">1 \u00e5r fr\u00e5n ink\u00f6psdatum.<\/span><\/p>\n<p dir=\"ltr\" style=\"line-height:1.38;background-color:#ffffff;margin-top:0pt;margin-bottom:0pt;padding:0pt 0pt 11pt 0pt;\"><span style=\"font-size:10pt;font-family:Arial,sans-serif;color:#000000;background-color:transparent;font-weight:700;font-style:normal;font-variant:normal;text-decoration:none;vertical-align:baseline;white-space:pre;white-space:pre-wrap;\">Leveranstid<\/span><span style=\"font-size:10pt;font-family:Arial,sans-serif;color:#000000;background-color:transparent;font-weight:700;font-style:normal;font-variant:normal;text-decoration:none;vertical-align:baseline;white-space:pre;white-space:pre-wrap;\"><br><\/span><span style=\"font-size:10pt;font-family:Arial,sans-serif;color:#000000;background-color:transparent;font-weight:400;font-style:italic;font-variant:normal;text-decoration:none;vertical-align:baseline;white-space:pre;white-space:pre-wrap;\">3\u20137 dagar.<\/span><\/p>\n<p><span><span style=\"font-size: 10pt; font-family: Arial, sans-serif; color: rgb(0, 0, 0); background-color: transparent; font-style: italic; font-variant-numeric: normal; font-variant-east-asian: normal; font-variant-alternates: normal; font-variant-position: normal; font-variant-emoji: normal; vertical-align: baseline; white-space-collapse: preserve;\">Tyv\u00e4rr \u00e4r betaltj\u00e4nsten h\u00e4r p\u00e5 hemsidan inte p\u00e5 plats &#8211; s\u00e5 just nu fakturerar jag dig. Maila mig p\u00e5 <\/span><a href=\"mailto:info@2700kelvin.se\"><span style=\"font-size: 10pt; font-family: Arial, sans-serif; color: rgb(17, 85, 204); background-color: transparent; font-style: italic; font-variant-numeric: normal; font-variant-east-asian: normal; font-variant-alternates: normal; font-variant-position: normal; font-variant-emoji: normal; text-decoration-line: underline; text-decoration-skip-ink: none; vertical-align: baseline; white-space-collapse: preserve;\">info@2700kelvin.se<\/span><\/a><span style=\"font-size: 10pt; font-family: Arial, sans-serif; color: rgb(0, 0, 0); background-color: transparent; font-style: italic; font-variant-numeric: normal; font-variant-east-asian: normal; font-variant-alternates: normal; font-variant-position: normal; font-variant-emoji: normal; vertical-align: baseline; white-space-collapse: preserve;\"> s\u00e5 fixar jag det direkt.<\/span><\/span><\/p>\t\t\t\t\t\t\t\t<\/div>\n\t\t\t\t<\/div>\n\t\t\t\t\t<\/div>\n\t\t<\/div>\n\t\t\t\t\t<\/div>\n\t\t<\/section>\n\t\t\t\t<\/div>\n\t\t","protected":false},"excerpt":{"rendered":"<p>Vilken lysande present! Presentkort&nbsp;ber\u00e4ttigar till k\u00f6p av 2700 Kelvins tj\u00e4nster. Presentkortet kan anv\u00e4ndas p\u00e5 plats i Stockholm&nbsp;eller&nbsp;Online. L\u00e4s mera under respektive tj\u00e4nst.&nbsp; \u00c4r det en \u00f6verraskning till en v\u00e4n? Maila mig p\u00e5&nbsp; info@2700kelvinse s\u00e5 fixar jag ett&nbsp; kort som skickas direkt till mottagaren. Giltighetstid1 \u00e5r fr\u00e5n ink\u00f6psdatum. Leveranstid3\u20137 dagar. Tyv\u00e4rr \u00e4r betaltj\u00e4nsten h\u00e4r p\u00e5 hemsidan inte p\u00e5 plats &#8211; s\u00e5 just nu fakturerar jag dig. Maila mig p\u00e5 info@2700kelvin.se s\u00e5 fixar jag det direkt.<\/p>\n","protected":false},"author":1,"featured_media":0,"parent":0,"menu_order":0,"comment_status":"closed","ping_status":"closed","template":"","meta":{"_acf_changed":false,"_mo_disable_npp":"","om_disable_all_campaigns":false,"_monsterinsights_skip_tracking":false,"_monsterinsights_sitenote_active":false,"_monsterinsights_sitenote_note":"","_monsterinsights_sitenote_category":0,"_uf_show_specific_survey":0,"_uf_disable_surveys":false,"_themeisle_gutenberg_block_has_review":false,"footnotes":""},"class_list":["post-4100","page","type-page","status-publish","hentry"],"acf":[],"aioseo_notices":[],"_links":{"self":[{"href":"https:\/\/www.2700kelvin.se\/home\/wp-json\/wp\/v2\/pages\/4100","targetHints":{"allow":["GET"]}}],"collection":[{"href":"https:\/\/www.2700kelvin.se\/home\/wp-json\/wp\/v2\/pages"}],"about":[{"href":"https:\/\/www.2700kelvin.se\/home\/wp-json\/wp\/v2\/types\/page"}],"author":[{"embeddable":true,"href":"https:\/\/www.2700kelvin.se\/home\/wp-json\/wp\/v2\/users\/1"}],"replies":[{"embeddable":true,"href":"https:\/\/www.2700kelvin.se\/home\/wp-json\/wp\/v2\/comments?post=4100"}],"version-history":[{"count":5,"href":"https:\/\/www.2700kelvin.se\/home\/wp-json\/wp\/v2\/pages\/4100\/revisions"}],"predecessor-version":[{"id":4105,"href":"https:\/\/www.2700kelvin.se\/home\/wp-json\/wp\/v2\/pages\/4100\/revisions\/4105"}],"wp:attachment":[{"href":"https:\/\/www.2700kelvin.se\/home\/wp-json\/wp\/v2\/media?parent=4100"}],"curies":[{"name":"wp","href":"https:\/\/api.w.org\/{rel}","templated":true}]}}