{"id":1071,"date":"2018-01-06T22:09:36","date_gmt":"2018-01-06T21:09:36","guid":{"rendered":"https:\/\/www.2700kelvin.se\/home\/?page_id=1071"},"modified":"2026-01-12T10:13:28","modified_gmt":"2026-01-12T09:13:28","slug":"bostadsrattsforeningar-belysningskonsultation","status":"publish","type":"page","link":"https:\/\/www.2700kelvin.se\/home\/bostadsrattsforeningar-belysningskonsultation\/","title":{"rendered":"Belysningskonsultation Bostadsr\u00e4ttsf\u00f6reningar"},"content":{"rendered":"\t\t<div data-elementor-type=\"wp-page\" data-elementor-id=\"1071\" class=\"elementor elementor-1071\">\n\t\t\t\t\t\t<section class=\"elementor-section elementor-top-section elementor-element elementor-element-3fb8b4b5 elementor-section-boxed elementor-section-height-default elementor-section-height-default\" data-id=\"3fb8b4b5\" data-element_type=\"section\">\n\t\t\t\t\t\t<div class=\"elementor-container elementor-column-gap-default\">\n\t\t\t\t\t<div class=\"elementor-column elementor-col-100 elementor-top-column elementor-element elementor-element-5a52d688\" data-id=\"5a52d688\" data-element_type=\"column\">\n\t\t\t<div class=\"elementor-widget-wrap elementor-element-populated\">\n\t\t\t\t\t\t<div class=\"elementor-element elementor-element-3327a902 elementor-widget elementor-widget-text-editor\" data-id=\"3327a902\" data-element_type=\"widget\" data-widget_type=\"text-editor.default\">\n\t\t\t\t<div class=\"elementor-widget-container\">\n\t\t\t\t\t\t\t\t\t<ul>\n<li>&nbsp;<\/li>\n<\/ul>\n<p><span style=\"font-weight: 400;\">Belysningskonsultation f\u00f6r bostadsr\u00e4ttsf\u00f6reningar i Stockholm \u00e4r anpassad efter f\u00f6reningens behov och hur styrelsen arbetar. Det \u00e4r mycket som \u00e4r viktigt och som man verkligen b\u00f6r t\u00e4nka p\u00e5 vid val av belysning till trapphus, allm\u00e4nna utrymmen och bostadsr\u00e4ttsf\u00f6reningens utomhusmilj\u00f6er som skall skapa trygghet och trivsel. <\/span><\/p>\n<p><span style=\"font-weight: 400;\">F\u00f6reningens gemensamma ytor ska vara enkla att underh\u00e5lla och energieffektiva och det \u00e4r idag m\u00e5nga bostadsr\u00e4ttsf\u00f6reningar som v\u00e4ljer att ers\u00e4tta befintliga ljusk\u00e4llor med LED-belysning. LED-kvaliteten \u00e4r generellt h\u00f6g och energibesparingarna kan bli m\u00e4rkbart b\u00e4ttre vid byte till LED. Ofta kan man uppgradera befintliga armaturer.&nbsp;<\/span><\/p><p><span style=\"font-weight: 400;\">Hur \u00e4r ljuss\u00e4ttningen i din bostadsr\u00e4ttsf\u00f6reningen?&nbsp;&nbsp;<\/span>Finns en tydlig underh\u00e5llsplan f\u00f6r belysningen?&nbsp;<\/p>\n<p><span style=\"font-weight: 400;\">\u00c4ldre hus kan beh\u00f6va h\u00f6ja ljusniv\u00e5n s\u00e5 det h\u00e5ller postutdelningens&nbsp; arbetskrav, ungef\u00e4r 200 Lux. Det finns m\u00e5nga goda anledningar till att f\u00e5 f\u00f6reningens belysning uppdaterad.&nbsp; Kontakta mig om ni \u00f6nskar hj\u00e4lp att v\u00e4lja r\u00e4tt armaturer och ljusbild till er milj\u00f6. H\u00e4r finner du en enkel blogg om LED; <strong><a href=\"https:\/\/www.2700kelvin.se\/home\/2019\/03\/09\/led-skola-las-innehallsforteckningen\/\">LED-skola, att l\u00e4sa LED&#8217;s inneh\u00e5llsf\u00f6rteckning<\/a><\/strong><\/span><\/p>\n<p data-adtags-visited=\"true\">V\u00e4lkommen att h\u00f6ra av dig om din bostadsr\u00e4ttsf\u00f6rening beh\u00f6ver <strong>hj\u00e4lp med belysningsm\u00e4tning eller ljuss\u00e4ttningen<\/strong>, i trapphuset eller f\u00f6r bostadsr\u00e4ttsf\u00f6reningens utomhusmilj\u00f6er.<\/p>\n<h2 data-adtags-visited=\"true\">Pris vid belysningskonsultation f\u00f6r bostadsr\u00e4ttsf\u00f6reningar<\/h2>\n<p><span style=\"font-weight: 400;\">Pris l\u00e4mnas per offert. <\/span><\/p>\n<p>K<span style=\"font-weight: 400;\">ontakta oss p\u00e5 <a href=\"mailto:charlotte@2700kelvin.se\">i<\/a>nfo@2700kelvin.se<\/span><span style=\"font-weight: 400;\"> eller ring +46 702000592&nbsp;<\/span><\/p>\n<p style=\"text-align: left;\"><a href=\"https:\/\/www.di.se\/nyheter\/postnord-hotar-med-att-sluta-dela-ut-posten\/\">Artikel fr\u00e5n DI ang\u00e5ende synbarhet i trapphus<\/a>&nbsp;<\/p>\n<p><\/p>\n<div>\n<figure><img fetchpriority=\"high\" decoding=\"async\" src=\"https:\/\/www.2700kelvin.se\/wp-content\/uploads\/2020\/10\/IMG_2934-768x1024.jpg\" alt=\"Bostadsr\u00e4ttsf\u00f6reningar h\u00e4r \u00e4r det viktigt att t\u00e4nka p\u00e5 b\u00e5de trygghet och god framkomlighet f\u00f6r b\u00e5da boende, brevb\u00e4raren och g\u00e4ster. Samtidigt kan ljuss\u00e4ttningen bidra till en tydlig gestaltning av omr\u00e5det.\" width=\"494\" height=\"659\"><p><\/p>\n<figcaption>Bostadsr\u00e4ttsf\u00f6reningar belysningskonsultation, d\u00e4r vi s\u00e5klart anpassar oss till arkitekturen och f\u00f6reningens ekonomi.<\/figcaption>\n<\/figure>\n<\/div>\n<p><\/p>\t\t\t\t\t\t\t\t<\/div>\n\t\t\t\t<\/div>\n\t\t\t\t\t<\/div>\n\t\t<\/div>\n\t\t\t\t\t<\/div>\n\t\t<\/section>\n\t\t\t\t<section class=\"elementor-section elementor-top-section elementor-element elementor-element-9ac21b8 elementor-section-boxed elementor-section-height-default elementor-section-height-default\" data-id=\"9ac21b8\" data-element_type=\"section\">\n\t\t\t\t\t\t<div class=\"elementor-container elementor-column-gap-default\">\n\t\t\t\t\t<div class=\"elementor-column elementor-col-100 elementor-top-column elementor-element elementor-element-9633ab0\" data-id=\"9633ab0\" data-element_type=\"column\">\n\t\t\t<div class=\"elementor-widget-wrap elementor-element-populated\">\n\t\t\t\t\t\t<div class=\"elementor-element elementor-element-63afcf4 elementor-widget elementor-widget-shortcode\" data-id=\"63afcf4\" data-element_type=\"widget\" data-widget_type=\"shortcode.default\">\n\t\t\t\t<div class=\"elementor-widget-container\">\n\t\t\t\t\t\t\t<div class=\"elementor-shortcode\">                <div class=\"ml-embedded\" data-form=\"caWlNM\"><\/div>\n            <\/div>\n\t\t\t\t\t\t<\/div>\n\t\t\t\t<\/div>\n\t\t\t\t\t<\/div>\n\t\t<\/div>\n\t\t\t\t\t<\/div>\n\t\t<\/section>\n\t\t\t\t<\/div>\n\t\t","protected":false},"excerpt":{"rendered":"<p>&nbsp; Belysningskonsultation f\u00f6r bostadsr\u00e4ttsf\u00f6reningar i Stockholm \u00e4r anpassad efter f\u00f6reningens behov och hur styrelsen arbetar. Det \u00e4r mycket som \u00e4r viktigt och som man verkligen b\u00f6r t\u00e4nka p\u00e5 vid val av belysning till trapphus, allm\u00e4nna utrymmen och bostadsr\u00e4ttsf\u00f6reningens utomhusmilj\u00f6er som skall skapa trygghet och trivsel. F\u00f6reningens gemensamma ytor ska vara enkla att underh\u00e5lla och energieffektiva och det \u00e4r idag m\u00e5nga bostadsr\u00e4ttsf\u00f6reningar som v\u00e4ljer att ers\u00e4tta befintliga ljusk\u00e4llor med LED-belysning. LED-kvaliteten \u00e4r generellt h\u00f6g och energibesparingarna kan bli m\u00e4rkbart b\u00e4ttre vid byte till LED. Ofta kan man uppgradera befintliga armaturer.&nbsp; Hur \u00e4r ljuss\u00e4ttningen i din bostadsr\u00e4ttsf\u00f6reningen?&nbsp;&nbsp;Finns en tydlig underh\u00e5llsplan f\u00f6r belysningen?&nbsp; \u00c4ldre hus kan beh\u00f6va h\u00f6ja ljusniv\u00e5n s\u00e5 det h\u00e5ller postutdelningens&nbsp; arbetskrav, ungef\u00e4r 200 Lux. Det finns m\u00e5nga goda anledningar till att f\u00e5 f\u00f6reningens belysning uppdaterad.&nbsp; Kontakta mig om ni \u00f6nskar hj\u00e4lp att v\u00e4lja r\u00e4tt armaturer och ljusbild till er milj\u00f6. H\u00e4r finner du en enkel blogg om LED; LED-skola, att l\u00e4sa LED&#8217;s inneh\u00e5llsf\u00f6rteckning V\u00e4lkommen att h\u00f6ra av dig om din bostadsr\u00e4ttsf\u00f6rening beh\u00f6ver hj\u00e4lp med belysningsm\u00e4tning eller ljuss\u00e4ttningen, i trapphuset eller f\u00f6r bostadsr\u00e4ttsf\u00f6reningens utomhusmilj\u00f6er. Pris vid belysningskonsultation f\u00f6r bostadsr\u00e4ttsf\u00f6reningar Pris l\u00e4mnas per offert. Kontakta oss p\u00e5 info@2700kelvin.se eller ring +46 702000592&nbsp; Artikel fr\u00e5n DI ang\u00e5ende synbarhet i trapphus&nbsp;<\/p>\n","protected":false},"author":1,"featured_media":0,"parent":0,"menu_order":0,"comment_status":"closed","ping_status":"closed","template":"","meta":{"_acf_changed":false,"_mo_disable_npp":"","om_disable_all_campaigns":false,"_monsterinsights_skip_tracking":false,"_monsterinsights_sitenote_active":false,"_monsterinsights_sitenote_note":"","_monsterinsights_sitenote_category":0,"_uf_show_specific_survey":0,"_uf_disable_surveys":false,"_themeisle_gutenberg_block_has_review":false,"footnotes":""},"class_list":["post-1071","page","type-page","status-publish","hentry"],"acf":[],"aioseo_notices":[],"_links":{"self":[{"href":"https:\/\/www.2700kelvin.se\/home\/wp-json\/wp\/v2\/pages\/1071","targetHints":{"allow":["GET"]}}],"collection":[{"href":"https:\/\/www.2700kelvin.se\/home\/wp-json\/wp\/v2\/pages"}],"about":[{"href":"https:\/\/www.2700kelvin.se\/home\/wp-json\/wp\/v2\/types\/page"}],"author":[{"embeddable":true,"href":"https:\/\/www.2700kelvin.se\/home\/wp-json\/wp\/v2\/users\/1"}],"replies":[{"embeddable":true,"href":"https:\/\/www.2700kelvin.se\/home\/wp-json\/wp\/v2\/comments?post=1071"}],"version-history":[{"count":57,"href":"https:\/\/www.2700kelvin.se\/home\/wp-json\/wp\/v2\/pages\/1071\/revisions"}],"predecessor-version":[{"id":4279,"href":"https:\/\/www.2700kelvin.se\/home\/wp-json\/wp\/v2\/pages\/1071\/revisions\/4279"}],"wp:attachment":[{"href":"https:\/\/www.2700kelvin.se\/home\/wp-json\/wp\/v2\/media?parent=1071"}],"curies":[{"name":"wp","href":"https:\/\/api.w.org\/{rel}","templated":true}]}}